{"id":2,"date":"2017-05-21T22:12:59","date_gmt":"2017-05-21T20:12:59","guid":{"rendered":"http:\/\/195.42.115.175\/wordpress\/?page_id=2"},"modified":"2017-07-18T16:29:17","modified_gmt":"2017-07-18T14:29:17","slug":"quis-sumus","status":"publish","type":"page","link":"https:\/\/depedrum.beta1.mnemosyna.ch\/index.php\/quis-sumus\/","title":{"rendered":"Wie unser Blog lesen &#8211; eine Kurzanleitung \/ Cum sa cititi blogul nostru &#8211; un scurt ghid"},"content":{"rendered":"<p><strong>Kurzanleitung:&nbsp;<\/strong><\/p>\n<blockquote><p>&nbsp;<\/p>\n<p>Wie ihr bereits seht, ist der Web-Designer sehr altphilologisch veranlagt gewesen. Damit den nicht ebenso veranlagten Lesern dies etwas weniger ausserirdisch vorkommt, hier die Erkl\u00e4rung dazu:&nbsp;<\/p>\n<ol>\n<li><strong>Seiten<\/strong>: wenn ihr auf dem Men\u00fc links oben klickt, kommen zuoberst die verschiedenen Blog-Seiten aufgelistet. Auf &#8220;QUIS SUMUS&#8221; erf\u00e4hrt ihr durch einige Bilder wer wir (denken, dass wir) sind w\u00e4hrend auf &#8220;QUID AGIMUS&#8221; unsere diesj\u00e4hrige Besch\u00e4ftigung mittels einer interaktiven Karte erkl\u00e4rt wird. Auf der Seite &#8220;TIPPS UND TRICKS&#8221; versuchen wir einige Tipps und die Hilfe, die wir selber von den Einheimischen erhalten haben, weiterzugeben. &nbsp; &nbsp; &nbsp; &nbsp; &nbsp; &nbsp; &nbsp; &nbsp; &nbsp; &nbsp; &nbsp; &nbsp; &nbsp; &nbsp; &nbsp; &nbsp; &nbsp; &nbsp; &nbsp; &nbsp; &nbsp; &nbsp; &nbsp; &nbsp; &nbsp; &nbsp; &nbsp; &nbsp; &nbsp; &nbsp; &nbsp; &nbsp; &nbsp; &nbsp; &nbsp; &nbsp; &nbsp; &nbsp; &nbsp; &nbsp; &nbsp; &nbsp; &nbsp; &nbsp; &nbsp; &nbsp; &nbsp; &nbsp; &nbsp; &nbsp; &nbsp; &nbsp; &nbsp; &nbsp; &nbsp; &nbsp; &nbsp; &nbsp; &nbsp; &nbsp; &nbsp; &nbsp; &nbsp; &nbsp; &nbsp; &nbsp; &nbsp; &nbsp; &nbsp; &nbsp; &nbsp; &nbsp; &nbsp; &nbsp; &nbsp; &nbsp; &nbsp; &nbsp; &nbsp; &nbsp; &nbsp;&nbsp;<\/li>\n<li><strong>Karte<\/strong>: auf der Karte findet ihr Marker zu all den von uns besuchten Orten und k\u00f6nnt somit unsere Route verfolgen. Indem ihr mit der Maus auf dem Marker dr\u00fcber geht (ohne Klick) erscheint ein Fenster mit dem Standort dieses Markers. Sollte es f\u00fcr den jeweiligen Marker\/Ort einen Blog-Eintrag geben, ist dieser automatisch mit dem Marker auf der Karte verlinkt und l\u00e4sst sich mit einem Click auf &#8220;more details&#8221; \u00f6ffnen. &nbsp; &nbsp; &nbsp; &nbsp; &nbsp; &nbsp; &nbsp; &nbsp; &nbsp; &nbsp; &nbsp; &nbsp; &nbsp; &nbsp; &nbsp; &nbsp; &nbsp; &nbsp; &nbsp; &nbsp; &nbsp; &nbsp; &nbsp; &nbsp; &nbsp; &nbsp; &nbsp; &nbsp; &nbsp; &nbsp; &nbsp; &nbsp; &nbsp; &nbsp; &nbsp; &nbsp; &nbsp; &nbsp; &nbsp; &nbsp; &nbsp; &nbsp; &nbsp; &nbsp; &nbsp; &nbsp; &nbsp; &nbsp; &nbsp; &nbsp; &nbsp; &nbsp; &nbsp; &nbsp; &nbsp; &nbsp; &nbsp; &nbsp; &nbsp; &nbsp; &nbsp; &nbsp; &nbsp; &nbsp; &nbsp; &nbsp; &nbsp; &nbsp;<\/li>\n<li><strong>Blog-Eintrag: <\/strong>Die Blog-Eintr\u00e4ge gibt es in zwei Sprachen: deutsch und rum\u00e4nisch. Die letzten Blog-Eintr\u00e4ge erscheinen immer im unteren Bereich der Startseite und sind -wie bereits erw\u00e4hnt- direkt mit der Kartenansicht auf der &#8220;QUID AGIMUS&#8221;-Seite verlinkt. \u00c4ltere Blog-Eintr\u00e4ge k\u00f6nnen im ANNUARIUM (Archiv) gesucht werden. Blog-Eintr\u00e4ge k\u00f6nnen selbstverst\u00e4ndlich kommentiert werden. &nbsp; &nbsp; &nbsp; &nbsp; &nbsp; &nbsp; &nbsp; &nbsp; &nbsp; &nbsp; &nbsp; &nbsp; &nbsp; &nbsp; &nbsp; &nbsp; &nbsp; &nbsp; &nbsp; &nbsp; &nbsp; &nbsp; &nbsp; &nbsp; &nbsp; &nbsp; &nbsp; &nbsp; &nbsp; &nbsp;<\/li>\n<\/ol>\n<p><strong>Achtung: Wenn ihr auf der linken Men\u00fcleiste etwas anklickt m\u00fcsst ihr auf der Hauptseite (vorl\u00e4ufig) nach unten scrollen, damit der Inhalt angezeigt wird.&nbsp;<\/strong><\/p>\n<p>&nbsp;<\/p><\/blockquote>\n<p><strong>Scurt ghid:&nbsp;<\/strong><\/p>\n<blockquote><p>Dupa cum ati putut deja observa, specializarea mea a lasat sechele serioase. Pentru toti cei mai putin familiarizati cu latina ca limba a secolului 21, o scurta explicatie a termenilor de natura hieroglifica:&nbsp;<\/p>\n<p>&nbsp;<\/p>\n<ol>\n<li><strong>Pagini ale blogului<\/strong>: Facand click pe meniul din stanga sus al paginii de start va apar in partea superioara a ferestrei nou deschise diferitele pagini ale blogului nostru. Pe QUIS SUMUS veti afla prin intermediul unor poze cine (credem ca) suntem in timp ce pe QUID AGIMUS veti afla prin intermediul unei harti interactive care este ocupatia noastra pe parcursul urmatorului an. La TIPPS UND TRICKS gasiti sfaturile, trickurile si ajutorul pe care localnicii ni le-au dat noua. Poate odata va vor fi de folos. &nbsp; &nbsp; &nbsp; &nbsp; &nbsp; &nbsp; &nbsp; &nbsp; &nbsp; &nbsp; &nbsp; &nbsp; &nbsp; &nbsp; &nbsp; &nbsp; &nbsp; &nbsp; &nbsp; &nbsp; &nbsp; &nbsp; &nbsp; &nbsp; &nbsp; &nbsp; &nbsp; &nbsp; &nbsp; &nbsp; &nbsp; &nbsp; &nbsp; &nbsp; &nbsp; &nbsp; &nbsp; &nbsp; &nbsp; &nbsp; &nbsp; &nbsp; &nbsp; &nbsp; &nbsp; &nbsp; &nbsp; &nbsp; &nbsp; &nbsp; &nbsp; &nbsp; &nbsp; &nbsp; &nbsp; &nbsp; &nbsp; &nbsp; &nbsp; &nbsp; &nbsp; &nbsp; &nbsp; &nbsp; &nbsp; &nbsp; &nbsp; &nbsp; &nbsp; &nbsp;&nbsp; &nbsp; &nbsp; &nbsp; &nbsp; &nbsp; &nbsp; &nbsp; &nbsp; &nbsp; &nbsp; &nbsp; &nbsp; &nbsp; &nbsp; &nbsp; &nbsp; &nbsp; &nbsp; &nbsp; &nbsp; &nbsp; &nbsp; &nbsp; &nbsp; &nbsp; &nbsp; &nbsp; &nbsp; &nbsp; &nbsp;&nbsp;<\/li>\n<li><strong>Harta:<\/strong> Pe harta veti gasi cate un marker pentru toate opririle noastre. Pe masura ce trece timpul, markerii vor deveni tot mai numerosi. In acest fel ne puteti urmari traseul. Daca treceti cu cursorul peste unul dintre markeri apare locatia lui exacta. In cazul in care pentru acel marker\/acea locatie exista si o publicatie cu text si poze in blog, aceasta este conectata automat cu markerul respectiv pe harta si se poate deschide apasand pe &#8220;more details&#8221;. &nbsp; &nbsp; &nbsp; &nbsp; &nbsp; &nbsp; &nbsp; &nbsp; &nbsp; &nbsp; &nbsp; &nbsp; &nbsp; &nbsp; &nbsp; &nbsp; &nbsp; &nbsp; &nbsp; &nbsp; &nbsp; &nbsp; &nbsp; &nbsp; &nbsp; &nbsp; &nbsp; &nbsp; &nbsp; &nbsp; &nbsp; &nbsp; &nbsp; &nbsp; &nbsp; &nbsp; &nbsp; &nbsp; &nbsp; &nbsp; &nbsp; &nbsp; &nbsp; &nbsp; &nbsp; &nbsp; &nbsp; &nbsp; &nbsp; &nbsp; &nbsp; &nbsp; &nbsp; &nbsp; &nbsp; &nbsp; &nbsp; &nbsp; &nbsp; &nbsp;<\/li>\n<li><strong>Publicatii in blog: <\/strong>Publicatiile sunt in germana si in romana. Versiune in limba romana se afla tot timpul in josul paginii, dupa cea germana. Puteti vedea noile publicatii in partea inferioara a paginii de start. Acestea sunt -precum am mentionat mai sus- conectate in mod automat cu harta interactiva de pe pagina de blog &#8220;QUID AGIMUS&#8221; Publicatii mai vechi pot fi cautate si citite in ANNUARIUM (arhiva). Puteti si chiar ne-am bucura daca ati comenta publicatiile noastre.&nbsp;<\/li>\n<\/ol>\n<p><strong>Atentie: in momentul in care apasati pe ceva din meniul care se deschide in partea stanga a paginii, trebuie sa derulati pagina principala in jos pana cand vedeti continutul dorit.&nbsp;<\/strong><\/p><\/blockquote>\n<p>&nbsp;<\/p>\n","protected":false},"excerpt":{"rendered":"<p>Kurzanleitung:&nbsp; &nbsp; Wie ihr bereits seht, ist der Web-Designer sehr altphilologisch veranlagt gewesen. Damit den nicht ebenso veranlagten Lesern dies etwas weniger ausserirdisch vorkommt, hier die Erkl\u00e4rung dazu:&nbsp; Seiten: wenn ihr auf dem Men\u00fc links[&#8230;]<\/p>\n","protected":false},"author":1,"featured_media":0,"parent":0,"menu_order":4,"comment_status":"closed","ping_status":"closed","template":"","meta":{"footnotes":""},"class_list":["post-2","page","type-page","status-publish","hentry"],"_links":{"self":[{"href":"https:\/\/depedrum.beta1.mnemosyna.ch\/index.php\/wp-json\/wp\/v2\/pages\/2","targetHints":{"allow":["GET"]}}],"collection":[{"href":"https:\/\/depedrum.beta1.mnemosyna.ch\/index.php\/wp-json\/wp\/v2\/pages"}],"about":[{"href":"https:\/\/depedrum.beta1.mnemosyna.ch\/index.php\/wp-json\/wp\/v2\/types\/page"}],"author":[{"embeddable":true,"href":"https:\/\/depedrum.beta1.mnemosyna.ch\/index.php\/wp-json\/wp\/v2\/users\/1"}],"replies":[{"embeddable":true,"href":"https:\/\/depedrum.beta1.mnemosyna.ch\/index.php\/wp-json\/wp\/v2\/comments?post=2"}],"version-history":[{"count":45,"href":"https:\/\/depedrum.beta1.mnemosyna.ch\/index.php\/wp-json\/wp\/v2\/pages\/2\/revisions"}],"predecessor-version":[{"id":399,"href":"https:\/\/depedrum.beta1.mnemosyna.ch\/index.php\/wp-json\/wp\/v2\/pages\/2\/revisions\/399"}],"wp:attachment":[{"href":"https:\/\/depedrum.beta1.mnemosyna.ch\/index.php\/wp-json\/wp\/v2\/media?parent=2"}],"curies":[{"name":"wp","href":"https:\/\/api.w.org\/{rel}","templated":true}]}}